{"id":97,"date":"2020-02-01T19:04:27","date_gmt":"2020-02-01T18:04:27","guid":{"rendered":"http:\/\/dronedoiseau.com\/?page_id=97"},"modified":"2025-12-02T22:59:37","modified_gmt":"2025-12-02T21:59:37","slug":"reportage-page","status":"publish","type":"page","link":"https:\/\/dronedoiseau.com\/index.php\/reportage-page\/","title":{"rendered":"Reportage"},"content":{"rendered":"\n<p class=\"has-white-color has-text-color\"><em><strong>Pr<\/strong><\/em><strong><em>ofiter de nouvelles perspectives, s\u00e9duire par l&rsquo;image, susciter l&rsquo;envie<\/em><\/strong><\/p>\n\n\n\n<p><strong>Pr\u00e9sentation produit, film institutionnel, \u2026 <\/strong>Je vous accompagne dans vos projets de communication par l&rsquo;image, en combinant plans au sol et a\u00e9riens. Je r\u00e9alise les prises de vues et le montage final de la vid\u00e9o, avec le soucis d&rsquo;une production audiovisuelle soign\u00e9e et efficace.<\/p>\n\n\n\n<p class=\"has-white-color has-text-color\"><em><strong><em>Saisir l\u2019action, partager l\u2019\u00e9motion, \u00e9merveiller<\/em><\/strong><\/em><\/p>\n\n\n\n<p>Que votre projet soit ponctuel, ou qu&rsquo;il s&rsquo;inscrive dans la dur\u00e9e, j&rsquo;aurai plaisir \u00e0 vous accompagner. Je vous propose des r\u00e9alisations \u00e0 votre image et \u00e0 votre rythme, pouvant couvrir diff\u00e9rents \u00e9v\u00e8nements de votre calendrier dans le cadre de reportages.<\/p>\n\n\n\n<p class=\"has-white-color has-text-color has-link-color wp-elements-6d8e09163d918dbf69e0482f2da551f0\"><strong>Corporate:<\/strong>&nbsp;pr\u00e9sentation de produits, film institutionnel, communication interne et externe<\/p>\n\n\n\n<figure class=\"wp-block-embed is-type-video is-provider-youtube wp-block-embed-youtube wp-embed-aspect-16-9 wp-has-aspect-ratio\"><div class=\"wp-block-embed__wrapper\">\n<iframe loading=\"lazy\" title=\"PROMEA, votre r\u00e9f\u00e9rent de l&#039;engrenage\" width=\"525\" height=\"295\" src=\"https:\/\/www.youtube.com\/embed\/c_f_6TELBOU?feature=oembed\" frameborder=\"0\" allow=\"accelerometer; autoplay; clipboard-write; encrypted-media; gyroscope; picture-in-picture; web-share\" referrerpolicy=\"strict-origin-when-cross-origin\" allowfullscreen><\/iframe>\n<\/div><\/figure>\n\n\n\n<figure class=\"wp-block-embed is-type-video is-provider-youtube wp-block-embed-youtube wp-embed-aspect-16-9 wp-has-aspect-ratio\"><div class=\"wp-block-embed__wrapper\">\n<iframe loading=\"lazy\" title=\"Les h\u00f4tels \u00e0 insectes pas comme les autres de Laurent\" width=\"525\" height=\"295\" src=\"https:\/\/www.youtube.com\/embed\/oTvCHzAwoIY?feature=oembed\" frameborder=\"0\" allow=\"accelerometer; autoplay; clipboard-write; encrypted-media; gyroscope; picture-in-picture; web-share\" referrerpolicy=\"strict-origin-when-cross-origin\" allowfullscreen><\/iframe>\n<\/div><\/figure>\n\n\n\n<p><strong>Ev\u00e9nementiel, communes et agglom\u00e9rations:&nbsp;<\/strong>pr\u00e9sentation de projets, couverture d\u2019\u00e9v\u00e8nements culturels, salon, foire, exposition, concert<\/p>\n\n\n\n<figure class=\"wp-block-embed is-type-video is-provider-youtube wp-block-embed-youtube wp-embed-aspect-16-9 wp-has-aspect-ratio\"><div class=\"wp-block-embed__wrapper\">\n<iframe loading=\"lazy\" title=\"Le Sentier Des Etangs transform\u00e9 - Morschwiller le bas\" width=\"525\" height=\"295\" src=\"https:\/\/www.youtube.com\/embed\/_llQB4KPwHw?feature=oembed\" frameborder=\"0\" allow=\"accelerometer; autoplay; clipboard-write; encrypted-media; gyroscope; picture-in-picture; web-share\" referrerpolicy=\"strict-origin-when-cross-origin\" allowfullscreen><\/iframe>\n<\/div><\/figure>\n\n\n\n<figure class=\"wp-block-embed is-type-video is-provider-youtube wp-block-embed-youtube wp-embed-aspect-16-9 wp-has-aspect-ratio\"><div class=\"wp-block-embed__wrapper\">\n<iframe loading=\"lazy\" title=\"March\u00e9 de l&#039;Avent 2024, Morschwiller-le-bas\" width=\"525\" height=\"295\" src=\"https:\/\/www.youtube.com\/embed\/YFcSKkFCNzs?feature=oembed\" frameborder=\"0\" allow=\"accelerometer; autoplay; clipboard-write; encrypted-media; gyroscope; picture-in-picture; web-share\" referrerpolicy=\"strict-origin-when-cross-origin\" allowfullscreen><\/iframe>\n<\/div><\/figure>\n\n\n\n<figure class=\"wp-block-embed is-type-video is-provider-youtube wp-block-embed-youtube wp-embed-aspect-16-9 wp-has-aspect-ratio\"><div class=\"wp-block-embed__wrapper\">\n<iframe loading=\"lazy\" title=\"No\u00ebl magique \u00e0 Morschwiller-le-bas\" width=\"525\" height=\"295\" src=\"https:\/\/www.youtube.com\/embed\/gBQfTVXWK6o?feature=oembed\" frameborder=\"0\" allow=\"accelerometer; autoplay; clipboard-write; encrypted-media; gyroscope; picture-in-picture; web-share\" referrerpolicy=\"strict-origin-when-cross-origin\" allowfullscreen><\/iframe>\n<\/div><\/figure>\n\n\n\n<p><strong>Manifestation sportive:<\/strong>&nbsp;partager le plaisir mais aussi l\u2019exigence de la pratique sportive<\/p>\n\n\n\n<figure class=\"wp-block-embed is-type-video is-provider-youtube wp-block-embed-youtube wp-embed-aspect-16-9 wp-has-aspect-ratio\"><div class=\"wp-block-embed__wrapper\">\n<iframe loading=\"lazy\" title=\"Coupe de France VTT trial 2020 \u00e0 Belfort\" width=\"525\" height=\"295\" src=\"https:\/\/www.youtube.com\/embed\/TnWEqKqHO6w?feature=oembed\" frameborder=\"0\" allow=\"accelerometer; autoplay; clipboard-write; encrypted-media; gyroscope; picture-in-picture; web-share\" referrerpolicy=\"strict-origin-when-cross-origin\" allowfullscreen><\/iframe>\n<\/div><\/figure>\n\n\n\n<p><strong>Services public et collectivit\u00e9s:<\/strong>&nbsp;valorisation d\u2019infrastructures et de b\u00e2timents, support \u00e0 l\u2019am\u00e9nagement du territoire<\/p>\n\n\n\n<figure class=\"wp-block-embed is-type-video is-provider-youtube wp-block-embed-youtube wp-embed-aspect-16-9 wp-has-aspect-ratio\"><div class=\"wp-block-embed__wrapper\">\n<iframe loading=\"lazy\" title=\"Plaine de jeux de Morschwiller-le-bas\" width=\"525\" height=\"295\" src=\"https:\/\/www.youtube.com\/embed\/EmSZoHk0uT8?feature=oembed\" frameborder=\"0\" allow=\"accelerometer; autoplay; clipboard-write; encrypted-media; gyroscope; picture-in-picture; web-share\" referrerpolicy=\"strict-origin-when-cross-origin\" allowfullscreen><\/iframe>\n<\/div><\/figure>\n\n\n\n<p><strong>Immobilier et architecture:<\/strong>&nbsp;promotion immobili\u00e8re, support \u00e0 l\u2019int\u00e9gration de projet immobilier ou paysager<\/p>\n\n\n\n<figure class=\"wp-block-embed is-type-video is-provider-youtube wp-block-embed-youtube wp-embed-aspect-16-9 wp-has-aspect-ratio\"><div class=\"wp-block-embed__wrapper\">\n<iframe loading=\"lazy\" title=\"Am\u00e9nagement paysager LAP&#039;S\" width=\"525\" height=\"295\" src=\"https:\/\/www.youtube.com\/embed\/mF3fM8JCDmc?feature=oembed\" frameborder=\"0\" allow=\"accelerometer; autoplay; clipboard-write; encrypted-media; gyroscope; picture-in-picture; web-share\" referrerpolicy=\"strict-origin-when-cross-origin\" allowfullscreen><\/iframe>\n<\/div><\/figure>\n\n\n\n<figure class=\"wp-block-embed is-type-video is-provider-youtube wp-block-embed-youtube wp-embed-aspect-16-9 wp-has-aspect-ratio\"><div class=\"wp-block-embed__wrapper\">\n<iframe loading=\"lazy\" title=\"R\u00e9novation Cour Du Chapitre\" width=\"525\" height=\"295\" src=\"https:\/\/www.youtube.com\/embed\/1DUqUFI73co?feature=oembed\" frameborder=\"0\" allow=\"accelerometer; autoplay; clipboard-write; encrypted-media; gyroscope; picture-in-picture; web-share\" referrerpolicy=\"strict-origin-when-cross-origin\" allowfullscreen><\/iframe>\n<\/div><\/figure>\n\n\n\n<p><strong>Tourisme:&nbsp;<\/strong>valorisation du patrimoine, film promotionnel r\u00e9gional, pr\u00e9sentation de complexes priv\u00e9s (complexe h\u00f4telier, parc d\u2019attractions, base de loisirs, camping, \u2026)<\/p>\n\n\n\n<figure class=\"wp-block-embed is-type-video is-provider-youtube wp-block-embed-youtube wp-embed-aspect-16-9 wp-has-aspect-ratio\"><div class=\"wp-block-embed__wrapper\">\n<iframe loading=\"lazy\" title=\"Les Sources Folles, chez Agnes et Emmanuel\" width=\"525\" height=\"295\" src=\"https:\/\/www.youtube.com\/embed\/oH_Uu1Ti56c?feature=oembed\" frameborder=\"0\" allow=\"accelerometer; autoplay; clipboard-write; encrypted-media; gyroscope; picture-in-picture; web-share\" referrerpolicy=\"strict-origin-when-cross-origin\" allowfullscreen><\/iframe>\n<\/div><\/figure>\n\n\n\n<figure class=\"wp-block-embed is-type-video is-provider-youtube wp-block-embed-youtube wp-embed-aspect-16-9 wp-has-aspect-ratio\"><div class=\"wp-block-embed__wrapper\">\n<iframe loading=\"lazy\" title=\"Les chutes de Reichenbach et les gorges de l&#039;Aar\" width=\"525\" height=\"295\" src=\"https:\/\/www.youtube.com\/embed\/oCH7CFIzLIA?feature=oembed\" frameborder=\"0\" allow=\"accelerometer; autoplay; clipboard-write; encrypted-media; gyroscope; picture-in-picture; web-share\" referrerpolicy=\"strict-origin-when-cross-origin\" allowfullscreen><\/iframe>\n<\/div><\/figure>\n","protected":false},"excerpt":{"rendered":"<p>Profiter de nouvelles perspectives, s\u00e9duire par l&rsquo;image, susciter l&rsquo;envie Pr\u00e9sentation produit, film institutionnel, \u2026 Je vous accompagne dans vos projets de communication par l&rsquo;image, en combinant plans au sol et a\u00e9riens. Je r\u00e9alise les prises de vues et le montage final de la vid\u00e9o, avec le soucis d&rsquo;une production audiovisuelle soign\u00e9e et efficace. Saisir l\u2019action, &hellip; <\/p>\n<p class=\"link-more\"><a href=\"https:\/\/dronedoiseau.com\/index.php\/reportage-page\/\" class=\"more-link\">Continuer la lecture<span class=\"screen-reader-text\"> de &laquo;&nbsp;Reportage&nbsp;&raquo;<\/span><\/a><\/p>\n","protected":false},"author":1,"featured_media":479,"parent":0,"menu_order":0,"comment_status":"closed","ping_status":"closed","template":"","meta":{"_monsterinsights_skip_tracking":false,"_monsterinsights_sitenote_active":false,"_monsterinsights_sitenote_note":"","_monsterinsights_sitenote_category":0,"footnotes":""},"class_list":["post-97","page","type-page","status-publish","has-post-thumbnail","hentry"],"aioseo_notices":[],"_links":{"self":[{"href":"https:\/\/dronedoiseau.com\/index.php\/wp-json\/wp\/v2\/pages\/97","targetHints":{"allow":["GET"]}}],"collection":[{"href":"https:\/\/dronedoiseau.com\/index.php\/wp-json\/wp\/v2\/pages"}],"about":[{"href":"https:\/\/dronedoiseau.com\/index.php\/wp-json\/wp\/v2\/types\/page"}],"author":[{"embeddable":true,"href":"https:\/\/dronedoiseau.com\/index.php\/wp-json\/wp\/v2\/users\/1"}],"replies":[{"embeddable":true,"href":"https:\/\/dronedoiseau.com\/index.php\/wp-json\/wp\/v2\/comments?post=97"}],"version-history":[{"count":53,"href":"https:\/\/dronedoiseau.com\/index.php\/wp-json\/wp\/v2\/pages\/97\/revisions"}],"predecessor-version":[{"id":1217,"href":"https:\/\/dronedoiseau.com\/index.php\/wp-json\/wp\/v2\/pages\/97\/revisions\/1217"}],"wp:featuredmedia":[{"embeddable":true,"href":"https:\/\/dronedoiseau.com\/index.php\/wp-json\/wp\/v2\/media\/479"}],"wp:attachment":[{"href":"https:\/\/dronedoiseau.com\/index.php\/wp-json\/wp\/v2\/media?parent=97"}],"curies":[{"name":"wp","href":"https:\/\/api.w.org\/{rel}","templated":true}]}}