{"id":31,"date":"2020-02-01T16:02:05","date_gmt":"2020-02-01T15:02:05","guid":{"rendered":"http:\/\/dronedoiseau.com\/?page_id=31"},"modified":"2025-01-22T14:59:04","modified_gmt":"2025-01-22T13:59:04","slug":"a-propos-de","status":"publish","type":"page","link":"https:\/\/dronedoiseau.com\/index.php\/a-propos-de\/","title":{"rendered":"\u00c0 propos de"},"content":{"rendered":"<h3><strong>L&rsquo;aventure:<\/strong><\/h3>\n<p>Travailler rigoureusement, de mani\u00e8re cr\u00e9ative, et dans la bonne humeur, telle est ma philosophie!<\/p>\n<p>Au del\u00e0 des objectifs que vise votre entreprise, professionnelle ou personnelle, j&rsquo;aime mettre l&rsquo;accent sur les valeurs qu&rsquo;elle porte.<\/p>\n<p>Au del\u00e0 de vos r\u00e9sultats, j&rsquo;aime \u00e9voquer le chemin de votre aventure, celui qui vous montre de mani\u00e8re authentique et vous rend unique.<\/p>\n\n\n<hr class=\"wp-block-separator has-css-opacity\"\/>\n\n\n\n<h3 class=\"wp-block-heading\"><strong>Un service professionnel:<\/strong><\/h3>\n\n\n\n<p>Ing\u00e9nieur de formation, j&rsquo;ai acquis une exp\u00e9rience de plus de 25 ans en entreprise, principalement dans l&rsquo;industrie automobile et le secteur de l&rsquo;\u00e9nergie. En en tant que chef de projet, j&rsquo;ai eu l&rsquo;opportunit\u00e9 de g\u00e9rer des d\u00e9veloppements produits d&rsquo;une grande diversit\u00e9, avec un attrait particulier pour les technologies qui, un jour je l&rsquo;esp\u00e8re, nous aideront \u00e0 respecter un peu plus les \u00e9quilibres naturels, comme l&rsquo;hydrog\u00e8ne, les batteries automobile, ou encore les derni\u00e8res g\u00e9n\u00e9rations d&rsquo;application nucl\u00e9aire !<\/p>\n\n\n\n<p>Ces activit\u00e9s m&rsquo;ont donn\u00e9 une sensibilit\u00e9 particuli\u00e8re pour le monde de l&rsquo;industrie, de l&rsquo;entreprise et de ses valeurs. Je parle son langage. J\u2019aime mettre en avant le savoir-faire et l\u2019engagement professionnel. Plus que venter directement les bienfaits ou les m\u00e9rites d&rsquo;un produit, j&rsquo;aime les r\u00e9v\u00e9ler au travers l&rsquo;engagement des femmes et des hommes qui le d\u00e9veloppent et le produisent. Si eux-m\u00eames travaillent avec passion, \u00e9clairons ensemble ces valeurs qui justifient votre d\u00e9marche, votre produit, ou votre service.<\/p>\n\n\n\n<p>Cette sensibilit\u00e9 se double d&rsquo;une comp\u00e9tence de photographe &#8211; vid\u00e9aste, en activit\u00e9 depuis pr\u00e8s de 10 ans. Je suis par ailleurs op\u00e9rateur de drone d\u00e9clar\u00e9 DGAC sous la r\u00e9f\u00e9rence ED8560, et je dispose en tant que pilote des certificats d&rsquo;aptitudes pratiques et th\u00e9oriques ainsi que des assurances professionnelles. J&rsquo;assure les prestations dans le respect de la r\u00e8glementation en vigueur.<\/p>\n\n\n\n<p>Rigueur, cr\u00e9ativit\u00e9, et sensibilit\u00e9 particuli\u00e8re au monde de l&rsquo;entreprise sont mes principaux moteurs pour vous accompagner dans votre d\u00e9marche de communication, pour gagner le c\u0153ur de vos clients, rendre fiers vos coll\u00e8gues de leur engagement, ou tout simplement partager votre bonheur, lorsqu&rsquo;il s&rsquo;agit de projets plus personnels.<\/p>\n\n\n\n<h3 class=\"wp-block-heading\"><strong>Un accompagnement complet:<\/strong><\/h3>\n\n\n\n<p>Me d\u00e9marche consiste \u00e0 vous accompagner bien en amont de la production elle-m\u00eame:<br>\u270d\ufe0f Nos \u00e9changes pr\u00e9liminaires viseront \u00e0 d\u00e9finir vos objectifs<br>\ud83c\udfafNous focaliserons sur vos messages cl\u00e9s, articul\u00e9s autour de vos missions, vos valeurs, vos comp\u00e9tences et diff\u00e9rentiateurs<br> \ud83c\udfa5 Ensemble, nous d\u00e9finirons la structure, les s\u00e9quences et ambiances essentielles \u00e0 retenir pour la production<br>\ud83c\udf81 Au cours du tournage, nous laisserons une part \u00e0 la spontan\u00e9it\u00e9,  mais toutes les \u00e9tapes de la conception \u00e0 la post-production seront ajust\u00e9es ensemble<\/p>\n\n\n\n<h3 class=\"wp-block-heading\"><strong>L&rsquo;image qui fait mouche:<\/strong><\/h3>\n\n\n\n<p>En compl\u00e9ment de mon mat\u00e9riel photo traditionnel, mes drones sont devenus les incontournables de mes prestations.<\/p>\n\n\n\n<p>Je ne les utilise pas seulement pour les plans d&rsquo;ensemble, mais \u00e9galement pour des plans plus immersifs, dynamiques et offrant une libert\u00e9 totale de point de vue.<\/p>\n\n\n\n<figure class=\"wp-block-gallery has-nested-images columns-default is-cropped wp-block-gallery-1 is-layout-flex wp-block-gallery-is-layout-flex\">\n<figure class=\"wp-block-image size-large\"><img loading=\"lazy\" decoding=\"async\" width=\"800\" height=\"800\" data-id=\"425\" src=\"https:\/\/dronedoiseau.com\/wp-content\/uploads\/2020\/11\/canon-R6.png\" alt=\"\" class=\"wp-image-425\" srcset=\"https:\/\/dronedoiseau.com\/wp-content\/uploads\/2020\/11\/canon-R6.png 800w, https:\/\/dronedoiseau.com\/wp-content\/uploads\/2020\/11\/canon-R6-250x250.png 250w, https:\/\/dronedoiseau.com\/wp-content\/uploads\/2020\/11\/canon-R6-100x100.png 100w, https:\/\/dronedoiseau.com\/wp-content\/uploads\/2020\/11\/canon-R6-350x350.png 350w, https:\/\/dronedoiseau.com\/wp-content\/uploads\/2020\/11\/canon-R6-300x300.png 300w, https:\/\/dronedoiseau.com\/wp-content\/uploads\/2020\/11\/canon-R6-150x150.png 150w, https:\/\/dronedoiseau.com\/wp-content\/uploads\/2020\/11\/canon-R6-768x768.png 768w\" sizes=\"auto, (max-width: 706px) 89vw, (max-width: 767px) 82vw, 740px\" \/><\/figure>\n\n\n\n<figure class=\"wp-block-image size-large\"><img loading=\"lazy\" decoding=\"async\" width=\"998\" height=\"914\" data-id=\"930\" src=\"https:\/\/dronedoiseau.com\/wp-content\/uploads\/2025\/01\/dji-rsc2-v2.png\" alt=\"\" class=\"wp-image-930\" srcset=\"https:\/\/dronedoiseau.com\/wp-content\/uploads\/2025\/01\/dji-rsc2-v2.png 998w, https:\/\/dronedoiseau.com\/wp-content\/uploads\/2025\/01\/dji-rsc2-v2-300x275.png 300w, https:\/\/dronedoiseau.com\/wp-content\/uploads\/2025\/01\/dji-rsc2-v2-768x703.png 768w\" sizes=\"auto, (max-width: 706px) 89vw, (max-width: 767px) 82vw, 740px\" \/><\/figure>\n\n\n\n<figure class=\"wp-block-image size-large\"><img loading=\"lazy\" decoding=\"async\" width=\"1024\" height=\"683\" data-id=\"923\" src=\"https:\/\/dronedoiseau.com\/wp-content\/uploads\/2025\/01\/3P5A0931-v2-light-1024x683.jpg\" alt=\"\" class=\"wp-image-923\" srcset=\"https:\/\/dronedoiseau.com\/wp-content\/uploads\/2025\/01\/3P5A0931-v2-light-1024x683.jpg 1024w, https:\/\/dronedoiseau.com\/wp-content\/uploads\/2025\/01\/3P5A0931-v2-light-300x200.jpg 300w, https:\/\/dronedoiseau.com\/wp-content\/uploads\/2025\/01\/3P5A0931-v2-light-768x512.jpg 768w, https:\/\/dronedoiseau.com\/wp-content\/uploads\/2025\/01\/3P5A0931-v2-light-1536x1024.jpg 1536w, https:\/\/dronedoiseau.com\/wp-content\/uploads\/2025\/01\/3P5A0931-v2-light-2048x1365.jpg 2048w\" sizes=\"auto, (max-width: 706px) 89vw, (max-width: 767px) 82vw, 740px\" \/><\/figure>\n<\/figure>\n\n\n\n<hr class=\"wp-block-separator has-alpha-channel-opacity\"\/>\n\n\n\n<h3 class=\"wp-block-heading\"><strong>Quelques mots sur la r\u00e8glementation:<\/strong><\/h3>\n\n\n\n<p>L\u2019utilisation des drones civils est une activit\u00e9 r\u00e9glement\u00e9e et soumise \u00e0 des r\u00e8gles de s\u00e9curit\u00e9 strictes. D\u2019autant plus dans le cadre d\u2019activit\u00e9s professionnelles (communication, inspection, \u2026), le vol doit \u00eatre assur\u00e9 par un&nbsp;t\u00e9l\u00e9pilote professionnel de drone civil, d\u00e9clar\u00e9 comme op\u00e9rateur aupr\u00e8s de la Direction de l\u2019Aviation Civile.<\/p>\n\n\n\n<p>Les op\u00e9rateurs de drones civils doivent avoir effectu\u00e9 une&nbsp;D\u00e9claration d\u2019Activit\u00e9s Particuli\u00e8res&nbsp;aupr\u00e8s de la&nbsp;Direction G\u00e9n\u00e9rale de l\u2019Aviation Civile&nbsp;et disposer d\u2019un&nbsp;Manuel d\u2019Activit\u00e9s Particuli\u00e8res&nbsp;(MAP) qui mentionne notamment la nature de l\u2019activit\u00e9, les sc\u00e9narios de mission autoris\u00e9s (S1 \u00e0 S4) et les mod\u00e8les d\u2019a\u00e9ronefs utilis\u00e9s.&nbsp;Les drones doivent \u00e9galement avoir \u00e9t\u00e9 enregistr\u00e9s et disposer d\u2019un num\u00e9ro d\u2019identification.<\/p>\n\n\n\n<p>J\u2019ai personnellement effectu\u00e9 toutes ces d\u00e9marches. D\u00e9clar\u00e9 DGAC sous la r\u00e9f\u00e9rence ED8560, je dispose des certificats d\u2019aptitudes pratiques et th\u00e9oriques ainsi que des assurances requises pour assurer tous types de prestations dans un contexte professionnel et dans le cadre de sc\u00e9narios de types S1 et S3.<\/p>\n\n\n\n<p>Sc\u00e9nario de vol S1: Op\u00e9ration en vue directe du t\u00e9l\u00e9pilote se d\u00e9roulant hors zone peupl\u00e9e, \u00e0 une distance horizontale maximale de 200 m\u00e8tres du t\u00e9l\u00e9pilote.<\/p>\n\n\n\n<p>Sc\u00e9nario de vol S3: Op\u00e9ration se d\u00e9roulant en zone peupl\u00e9e, soit en agglom\u00e9ration ou \u00e0 proximit\u00e9 de rassemblements de personnes, en vue directe et \u00e0 une distance horizontale maximale de 100 m\u00e8tres du t\u00e9l\u00e9pilote.<\/p>\n","protected":false},"excerpt":{"rendered":"<p>L&rsquo;aventure: Travailler rigoureusement, de mani\u00e8re cr\u00e9ative, et dans la bonne humeur, telle est ma philosophie! Au del\u00e0 des objectifs que vise votre entreprise, professionnelle ou personnelle, j&rsquo;aime mettre l&rsquo;accent sur les valeurs qu&rsquo;elle porte. Au del\u00e0 de vos r\u00e9sultats, j&rsquo;aime \u00e9voquer le chemin de votre aventure, celui qui vous montre de mani\u00e8re authentique et vous &hellip; <\/p>\n<p class=\"link-more\"><a href=\"https:\/\/dronedoiseau.com\/index.php\/a-propos-de\/\" class=\"more-link\">Continuer la lecture<span class=\"screen-reader-text\"> de &laquo;&nbsp;\u00c0 propos de&nbsp;&raquo;<\/span><\/a><\/p>\n","protected":false},"author":1,"featured_media":616,"parent":0,"menu_order":0,"comment_status":"closed","ping_status":"closed","template":"","meta":{"_monsterinsights_skip_tracking":false,"_monsterinsights_sitenote_active":false,"_monsterinsights_sitenote_note":"","_monsterinsights_sitenote_category":0,"footnotes":""},"class_list":["post-31","page","type-page","status-publish","has-post-thumbnail","hentry"],"aioseo_notices":[],"_links":{"self":[{"href":"https:\/\/dronedoiseau.com\/index.php\/wp-json\/wp\/v2\/pages\/31","targetHints":{"allow":["GET"]}}],"collection":[{"href":"https:\/\/dronedoiseau.com\/index.php\/wp-json\/wp\/v2\/pages"}],"about":[{"href":"https:\/\/dronedoiseau.com\/index.php\/wp-json\/wp\/v2\/types\/page"}],"author":[{"embeddable":true,"href":"https:\/\/dronedoiseau.com\/index.php\/wp-json\/wp\/v2\/users\/1"}],"replies":[{"embeddable":true,"href":"https:\/\/dronedoiseau.com\/index.php\/wp-json\/wp\/v2\/comments?post=31"}],"version-history":[{"count":39,"href":"https:\/\/dronedoiseau.com\/index.php\/wp-json\/wp\/v2\/pages\/31\/revisions"}],"predecessor-version":[{"id":964,"href":"https:\/\/dronedoiseau.com\/index.php\/wp-json\/wp\/v2\/pages\/31\/revisions\/964"}],"wp:featuredmedia":[{"embeddable":true,"href":"https:\/\/dronedoiseau.com\/index.php\/wp-json\/wp\/v2\/media\/616"}],"wp:attachment":[{"href":"https:\/\/dronedoiseau.com\/index.php\/wp-json\/wp\/v2\/media?parent=31"}],"curies":[{"name":"wp","href":"https:\/\/api.w.org\/{rel}","templated":true}]}}