{"id":30,"date":"2020-02-01T16:02:05","date_gmt":"2020-02-01T15:02:05","guid":{"rendered":"http:\/\/dronedoiseau.com\/?page_id=30"},"modified":"2025-06-14T21:21:12","modified_gmt":"2025-06-14T19:21:12","slug":"accueil","status":"publish","type":"page","link":"https:\/\/dronedoiseau.com\/","title":{"rendered":"Accueil"},"content":{"rendered":"<p><strong>Mettons ensemble la lumi\u00e8re sur vos valeurs!<\/strong><\/p>\n<p>Passionn\u00e9 par l&rsquo;image, je vous propose mes comp\u00e9tences de photographe et vid\u00e9aste au service de vos aventures professionnelles et personnelles. Mon objectif ? Montrer le meilleur de vous-m\u00eame, et gagner le c\u0153ur de vos clients ou de vos proches.<\/p>\n<p><!--more--><\/p>\n<p><strong>Reportage corporate\u00a0 \u00a0 \u00a0 \u00a0 \u00a0 <\/strong><strong style=\"font-size: revert;\">Ev\u00e9nementiel\u00a0 \u00a0 \u00a0 \u00a0 \u00a0 <\/strong><strong>Portrait\u00a0 \u00a0 \u00a0 \u00a0 \u00a0 <\/strong><strong>Mariage<\/strong><\/p>\n<p>Capturons ces instants qui vous r\u00e9v\u00e8lent, vous touchent ou vous rendent fier. Je les mettrai en forme, de mani\u00e8re simple, moderne et esth\u00e9tique, pour que vous puissiez partager le message qu&rsquo;ils portent et que vous souhaitez transmettre.<\/p>\n<p>L&rsquo;instant qui compte s&rsquo;appr\u00e9cie sur le chemin de belles aventures. Il est parfois le r\u00e9sultat d&rsquo;un long processus, fruit d&rsquo;effort et d&rsquo;engagement.<\/p>\n<p>L&rsquo;aventure peut \u00eatre entrepreneuriale ou associative, sportive ou culturelle, \u00e0 l&rsquo;occasion d&rsquo;\u00e9v\u00e8nements exceptionnels. L&rsquo;aventure est amoureuse. Elle est familiale, lorsque la tribu s&rsquo;agrandit.<\/p>\n<p>Je profite \u00e9galement de nouvelles perspectives en cr\u00e9ation visuelle gr\u00e2ce \u00e0 la libert\u00e9 de point de vue permise par le drone. Et si mes images arrivent \u00e0 faire mouche, c&rsquo;est aussi et surtout gr\u00e2ce \u00e0 vous !<\/p>\n\n\n<p><\/p>\n\n\n\n<p><\/p>\n\n\n\n<p><\/p>\n","protected":false},"excerpt":{"rendered":"<p>Mettons ensemble la lumi\u00e8re sur vos valeurs! Passionn\u00e9 par l&rsquo;image, je vous propose mes comp\u00e9tences de photographe et vid\u00e9aste au service de vos aventures professionnelles et personnelles. Mon objectif ? Montrer le meilleur de vous-m\u00eame, et gagner le c\u0153ur de vos clients ou de vos proches.<\/p>\n","protected":false},"author":1,"featured_media":798,"parent":0,"menu_order":0,"comment_status":"closed","ping_status":"closed","template":"","meta":{"_monsterinsights_skip_tracking":false,"_monsterinsights_sitenote_active":false,"_monsterinsights_sitenote_note":"","_monsterinsights_sitenote_category":0,"footnotes":""},"class_list":["post-30","page","type-page","status-publish","has-post-thumbnail","hentry"],"aioseo_notices":[],"_links":{"self":[{"href":"https:\/\/dronedoiseau.com\/index.php\/wp-json\/wp\/v2\/pages\/30","targetHints":{"allow":["GET"]}}],"collection":[{"href":"https:\/\/dronedoiseau.com\/index.php\/wp-json\/wp\/v2\/pages"}],"about":[{"href":"https:\/\/dronedoiseau.com\/index.php\/wp-json\/wp\/v2\/types\/page"}],"author":[{"embeddable":true,"href":"https:\/\/dronedoiseau.com\/index.php\/wp-json\/wp\/v2\/users\/1"}],"replies":[{"embeddable":true,"href":"https:\/\/dronedoiseau.com\/index.php\/wp-json\/wp\/v2\/comments?post=30"}],"version-history":[{"count":58,"href":"https:\/\/dronedoiseau.com\/index.php\/wp-json\/wp\/v2\/pages\/30\/revisions"}],"predecessor-version":[{"id":1212,"href":"https:\/\/dronedoiseau.com\/index.php\/wp-json\/wp\/v2\/pages\/30\/revisions\/1212"}],"wp:featuredmedia":[{"embeddable":true,"href":"https:\/\/dronedoiseau.com\/index.php\/wp-json\/wp\/v2\/media\/798"}],"wp:attachment":[{"href":"https:\/\/dronedoiseau.com\/index.php\/wp-json\/wp\/v2\/media?parent=30"}],"curies":[{"name":"wp","href":"https:\/\/api.w.org\/{rel}","templated":true}]}}