{"id":100,"date":"2020-02-01T19:06:41","date_gmt":"2020-02-01T18:06:41","guid":{"rendered":"http:\/\/dronedoiseau.com\/?page_id=100"},"modified":"2025-01-02T12:23:13","modified_gmt":"2025-01-02T11:23:13","slug":"photographie-page","status":"publish","type":"page","link":"https:\/\/dronedoiseau.com\/index.php\/photographie-page\/","title":{"rendered":"Photographie"},"content":{"rendered":"\n<p class=\"has-white-color has-text-color\"><strong><em>Capturer  les moments forts de votre vie, couvrir un \u00e9v\u00e8nement, partager votre histoire et vos valeurs<\/em><\/strong><\/p>\n\n\n\n<p>J&rsquo;accompagne particuliers, institutions et entreprises, pour des projets de communication, ou le besoin de conserver le souvenir de moments cl\u00e9s de votre vie.<\/p>\n\n\n\n<figure class=\"wp-block-gallery has-nested-images columns-default is-cropped wp-block-gallery-1 is-layout-flex wp-block-gallery-is-layout-flex\">\n<figure class=\"wp-block-image size-large\"><img loading=\"lazy\" decoding=\"async\" width=\"1024\" height=\"683\" data-id=\"677\" src=\"https:\/\/dronedoiseau.com\/wp-content\/uploads\/2023\/08\/3P5A0063-1024x683.jpg\" alt=\"\" class=\"wp-image-677\" srcset=\"https:\/\/dronedoiseau.com\/wp-content\/uploads\/2023\/08\/3P5A0063-1024x683.jpg 1024w, https:\/\/dronedoiseau.com\/wp-content\/uploads\/2023\/08\/3P5A0063-300x200.jpg 300w, https:\/\/dronedoiseau.com\/wp-content\/uploads\/2023\/08\/3P5A0063-768x512.jpg 768w, https:\/\/dronedoiseau.com\/wp-content\/uploads\/2023\/08\/3P5A0063-1536x1024.jpg 1536w, https:\/\/dronedoiseau.com\/wp-content\/uploads\/2023\/08\/3P5A0063-2048x1365.jpg 2048w\" sizes=\"auto, (max-width: 706px) 89vw, (max-width: 767px) 82vw, 740px\" \/><\/figure>\n\n\n\n<figure class=\"wp-block-image size-large\"><img loading=\"lazy\" decoding=\"async\" width=\"1024\" height=\"681\" data-id=\"746\" src=\"https:\/\/dronedoiseau.com\/wp-content\/uploads\/2024\/02\/DSC_0159_v2-1-1024x681.jpg\" alt=\"\" class=\"wp-image-746\" srcset=\"https:\/\/dronedoiseau.com\/wp-content\/uploads\/2024\/02\/DSC_0159_v2-1-1024x681.jpg 1024w, https:\/\/dronedoiseau.com\/wp-content\/uploads\/2024\/02\/DSC_0159_v2-1-300x199.jpg 300w, https:\/\/dronedoiseau.com\/wp-content\/uploads\/2024\/02\/DSC_0159_v2-1-768x511.jpg 768w, https:\/\/dronedoiseau.com\/wp-content\/uploads\/2024\/02\/DSC_0159_v2-1-1536x1021.jpg 1536w, https:\/\/dronedoiseau.com\/wp-content\/uploads\/2024\/02\/DSC_0159_v2-1-2048x1362.jpg 2048w\" sizes=\"auto, (max-width: 706px) 89vw, (max-width: 767px) 82vw, 740px\" \/><\/figure>\n<\/figure>\n\n\n\n<figure class=\"wp-block-gallery has-nested-images columns-default is-cropped wp-block-gallery-2 is-layout-flex wp-block-gallery-is-layout-flex\">\n<figure class=\"wp-block-image size-large\"><img loading=\"lazy\" decoding=\"async\" width=\"683\" height=\"1024\" data-id=\"676\" src=\"https:\/\/dronedoiseau.com\/wp-content\/uploads\/2023\/08\/3P5A0474-683x1024.jpg\" alt=\"\" class=\"wp-image-676\" srcset=\"https:\/\/dronedoiseau.com\/wp-content\/uploads\/2023\/08\/3P5A0474-683x1024.jpg 683w, https:\/\/dronedoiseau.com\/wp-content\/uploads\/2023\/08\/3P5A0474-200x300.jpg 200w, https:\/\/dronedoiseau.com\/wp-content\/uploads\/2023\/08\/3P5A0474-768x1152.jpg 768w, https:\/\/dronedoiseau.com\/wp-content\/uploads\/2023\/08\/3P5A0474-1024x1536.jpg 1024w, https:\/\/dronedoiseau.com\/wp-content\/uploads\/2023\/08\/3P5A0474-1365x2048.jpg 1365w, https:\/\/dronedoiseau.com\/wp-content\/uploads\/2023\/08\/3P5A0474-scaled.jpg 1707w\" sizes=\"auto, (max-width: 683px) 100vw, 683px\" \/><\/figure>\n\n\n\n<figure class=\"wp-block-image size-large\"><img loading=\"lazy\" decoding=\"async\" width=\"1024\" height=\"683\" data-id=\"652\" src=\"https:\/\/dronedoiseau.com\/wp-content\/uploads\/2023\/06\/Exemple_6-1024x683.jpg\" alt=\"\" class=\"wp-image-652\" srcset=\"https:\/\/dronedoiseau.com\/wp-content\/uploads\/2023\/06\/Exemple_6-1024x683.jpg 1024w, https:\/\/dronedoiseau.com\/wp-content\/uploads\/2023\/06\/Exemple_6-300x200.jpg 300w, https:\/\/dronedoiseau.com\/wp-content\/uploads\/2023\/06\/Exemple_6-768x512.jpg 768w, https:\/\/dronedoiseau.com\/wp-content\/uploads\/2023\/06\/Exemple_6-1536x1024.jpg 1536w, https:\/\/dronedoiseau.com\/wp-content\/uploads\/2023\/06\/Exemple_6-2048x1365.jpg 2048w\" sizes=\"auto, (max-width: 706px) 89vw, (max-width: 767px) 82vw, 740px\" \/><\/figure>\n\n\n\n<figure class=\"wp-block-image size-large\"><img loading=\"lazy\" decoding=\"async\" width=\"683\" height=\"1024\" data-id=\"780\" src=\"https:\/\/dronedoiseau.com\/wp-content\/uploads\/2024\/11\/3P5A7554_v2-683x1024.jpg\" alt=\"\" class=\"wp-image-780\" srcset=\"https:\/\/dronedoiseau.com\/wp-content\/uploads\/2024\/11\/3P5A7554_v2-683x1024.jpg 683w, https:\/\/dronedoiseau.com\/wp-content\/uploads\/2024\/11\/3P5A7554_v2-200x300.jpg 200w, https:\/\/dronedoiseau.com\/wp-content\/uploads\/2024\/11\/3P5A7554_v2-768x1152.jpg 768w, https:\/\/dronedoiseau.com\/wp-content\/uploads\/2024\/11\/3P5A7554_v2-1024x1536.jpg 1024w, https:\/\/dronedoiseau.com\/wp-content\/uploads\/2024\/11\/3P5A7554_v2-1365x2048.jpg 1365w, https:\/\/dronedoiseau.com\/wp-content\/uploads\/2024\/11\/3P5A7554_v2-scaled.jpg 1707w\" sizes=\"auto, (max-width: 683px) 100vw, 683px\" \/><\/figure>\n\n\n\n<figure class=\"wp-block-image size-large\"><img loading=\"lazy\" decoding=\"async\" width=\"1024\" height=\"768\" data-id=\"654\" src=\"https:\/\/dronedoiseau.com\/wp-content\/uploads\/2023\/06\/Exemple_10-1024x768.jpg\" alt=\"\" class=\"wp-image-654\" srcset=\"https:\/\/dronedoiseau.com\/wp-content\/uploads\/2023\/06\/Exemple_10-1024x768.jpg 1024w, https:\/\/dronedoiseau.com\/wp-content\/uploads\/2023\/06\/Exemple_10-300x225.jpg 300w, https:\/\/dronedoiseau.com\/wp-content\/uploads\/2023\/06\/Exemple_10-768x576.jpg 768w, https:\/\/dronedoiseau.com\/wp-content\/uploads\/2023\/06\/Exemple_10-1536x1152.jpg 1536w, https:\/\/dronedoiseau.com\/wp-content\/uploads\/2023\/06\/Exemple_10-2048x1536.jpg 2048w\" sizes=\"auto, (max-width: 706px) 89vw, (max-width: 767px) 82vw, 740px\" \/><\/figure>\n\n\n\n<figure class=\"wp-block-image size-large\"><img loading=\"lazy\" decoding=\"async\" width=\"1024\" height=\"683\" data-id=\"775\" src=\"https:\/\/dronedoiseau.com\/wp-content\/uploads\/2024\/11\/3P5A7552_v2-1-1024x683.jpg\" alt=\"\" class=\"wp-image-775\" srcset=\"https:\/\/dronedoiseau.com\/wp-content\/uploads\/2024\/11\/3P5A7552_v2-1-1024x683.jpg 1024w, https:\/\/dronedoiseau.com\/wp-content\/uploads\/2024\/11\/3P5A7552_v2-1-300x200.jpg 300w, https:\/\/dronedoiseau.com\/wp-content\/uploads\/2024\/11\/3P5A7552_v2-1-768x512.jpg 768w, https:\/\/dronedoiseau.com\/wp-content\/uploads\/2024\/11\/3P5A7552_v2-1-1536x1024.jpg 1536w, https:\/\/dronedoiseau.com\/wp-content\/uploads\/2024\/11\/3P5A7552_v2-1-2048x1365.jpg 2048w\" sizes=\"auto, (max-width: 706px) 89vw, (max-width: 767px) 82vw, 740px\" \/><\/figure>\n\n\n\n<figure class=\"wp-block-image size-large\"><img loading=\"lazy\" decoding=\"async\" width=\"1024\" height=\"683\" data-id=\"657\" src=\"https:\/\/dronedoiseau.com\/wp-content\/uploads\/2023\/06\/Exemple_3-1-1024x683.jpg\" alt=\"\" class=\"wp-image-657\" srcset=\"https:\/\/dronedoiseau.com\/wp-content\/uploads\/2023\/06\/Exemple_3-1-1024x683.jpg 1024w, https:\/\/dronedoiseau.com\/wp-content\/uploads\/2023\/06\/Exemple_3-1-300x200.jpg 300w, https:\/\/dronedoiseau.com\/wp-content\/uploads\/2023\/06\/Exemple_3-1-768x512.jpg 768w, https:\/\/dronedoiseau.com\/wp-content\/uploads\/2023\/06\/Exemple_3-1-1536x1024.jpg 1536w, https:\/\/dronedoiseau.com\/wp-content\/uploads\/2023\/06\/Exemple_3-1-2048x1365.jpg 2048w\" sizes=\"auto, (max-width: 706px) 89vw, (max-width: 767px) 82vw, 740px\" \/><\/figure>\n\n\n\n<figure class=\"wp-block-image size-large\"><img loading=\"lazy\" decoding=\"async\" width=\"1024\" height=\"683\" data-id=\"659\" src=\"https:\/\/dronedoiseau.com\/wp-content\/uploads\/2023\/06\/Exemple_2-1024x683.jpg\" alt=\"\" class=\"wp-image-659\" srcset=\"https:\/\/dronedoiseau.com\/wp-content\/uploads\/2023\/06\/Exemple_2-1024x683.jpg 1024w, https:\/\/dronedoiseau.com\/wp-content\/uploads\/2023\/06\/Exemple_2-300x200.jpg 300w, https:\/\/dronedoiseau.com\/wp-content\/uploads\/2023\/06\/Exemple_2-768x512.jpg 768w, https:\/\/dronedoiseau.com\/wp-content\/uploads\/2023\/06\/Exemple_2-1536x1024.jpg 1536w, https:\/\/dronedoiseau.com\/wp-content\/uploads\/2023\/06\/Exemple_2-2048x1365.jpg 2048w\" sizes=\"auto, (max-width: 706px) 89vw, (max-width: 767px) 82vw, 740px\" \/><\/figure>\n\n\n\n<figure class=\"wp-block-image size-large\"><img loading=\"lazy\" decoding=\"async\" width=\"683\" height=\"1024\" data-id=\"661\" src=\"https:\/\/dronedoiseau.com\/wp-content\/uploads\/2023\/06\/Exemple_4-683x1024.jpg\" alt=\"\" class=\"wp-image-661\" srcset=\"https:\/\/dronedoiseau.com\/wp-content\/uploads\/2023\/06\/Exemple_4-683x1024.jpg 683w, https:\/\/dronedoiseau.com\/wp-content\/uploads\/2023\/06\/Exemple_4-200x300.jpg 200w, https:\/\/dronedoiseau.com\/wp-content\/uploads\/2023\/06\/Exemple_4-768x1152.jpg 768w, https:\/\/dronedoiseau.com\/wp-content\/uploads\/2023\/06\/Exemple_4-1024x1536.jpg 1024w, https:\/\/dronedoiseau.com\/wp-content\/uploads\/2023\/06\/Exemple_4-1366x2048.jpg 1366w, https:\/\/dronedoiseau.com\/wp-content\/uploads\/2023\/06\/Exemple_4-scaled.jpg 1707w\" sizes=\"auto, (max-width: 683px) 100vw, 683px\" \/><\/figure>\n\n\n\n<figure class=\"wp-block-image size-large\"><img loading=\"lazy\" decoding=\"async\" width=\"683\" height=\"1024\" data-id=\"778\" src=\"https:\/\/dronedoiseau.com\/wp-content\/uploads\/2024\/11\/3P5A7617_v2-683x1024.jpg\" alt=\"\" class=\"wp-image-778\" srcset=\"https:\/\/dronedoiseau.com\/wp-content\/uploads\/2024\/11\/3P5A7617_v2-683x1024.jpg 683w, https:\/\/dronedoiseau.com\/wp-content\/uploads\/2024\/11\/3P5A7617_v2-200x300.jpg 200w, https:\/\/dronedoiseau.com\/wp-content\/uploads\/2024\/11\/3P5A7617_v2-768x1152.jpg 768w, https:\/\/dronedoiseau.com\/wp-content\/uploads\/2024\/11\/3P5A7617_v2-1024x1536.jpg 1024w, https:\/\/dronedoiseau.com\/wp-content\/uploads\/2024\/11\/3P5A7617_v2-1365x2048.jpg 1365w, https:\/\/dronedoiseau.com\/wp-content\/uploads\/2024\/11\/3P5A7617_v2-scaled.jpg 1707w\" sizes=\"auto, (max-width: 683px) 100vw, 683px\" \/><\/figure>\n\n\n\n<figure class=\"wp-block-image size-large\"><img loading=\"lazy\" decoding=\"async\" width=\"1024\" height=\"683\" data-id=\"776\" src=\"https:\/\/dronedoiseau.com\/wp-content\/uploads\/2024\/11\/3P5A7864_v2-1-1024x683.jpg\" alt=\"\" class=\"wp-image-776\" srcset=\"https:\/\/dronedoiseau.com\/wp-content\/uploads\/2024\/11\/3P5A7864_v2-1-1024x683.jpg 1024w, https:\/\/dronedoiseau.com\/wp-content\/uploads\/2024\/11\/3P5A7864_v2-1-300x200.jpg 300w, https:\/\/dronedoiseau.com\/wp-content\/uploads\/2024\/11\/3P5A7864_v2-1-768x512.jpg 768w, https:\/\/dronedoiseau.com\/wp-content\/uploads\/2024\/11\/3P5A7864_v2-1-1536x1024.jpg 1536w, https:\/\/dronedoiseau.com\/wp-content\/uploads\/2024\/11\/3P5A7864_v2-1-2048x1365.jpg 2048w\" sizes=\"auto, (max-width: 706px) 89vw, (max-width: 767px) 82vw, 740px\" \/><\/figure>\n<\/figure>\n\n\n\n<figure class=\"wp-block-image size-large\"><img loading=\"lazy\" decoding=\"async\" width=\"1024\" height=\"682\" src=\"https:\/\/dronedoiseau.com\/wp-content\/uploads\/2024\/11\/3P5A7734_v2-1024x682.jpg\" alt=\"\" class=\"wp-image-782\" srcset=\"https:\/\/dronedoiseau.com\/wp-content\/uploads\/2024\/11\/3P5A7734_v2-1024x682.jpg 1024w, https:\/\/dronedoiseau.com\/wp-content\/uploads\/2024\/11\/3P5A7734_v2-300x200.jpg 300w, https:\/\/dronedoiseau.com\/wp-content\/uploads\/2024\/11\/3P5A7734_v2-768x511.jpg 768w, https:\/\/dronedoiseau.com\/wp-content\/uploads\/2024\/11\/3P5A7734_v2-1536x1023.jpg 1536w, https:\/\/dronedoiseau.com\/wp-content\/uploads\/2024\/11\/3P5A7734_v2-2048x1364.jpg 2048w\" sizes=\"auto, (max-width: 706px) 89vw, (max-width: 767px) 82vw, 740px\" \/><\/figure>\n\n\n\n<figure class=\"wp-block-gallery has-nested-images columns-default is-cropped wp-block-gallery-3 is-layout-flex wp-block-gallery-is-layout-flex\">\n<figure class=\"wp-block-image size-large\"><img loading=\"lazy\" decoding=\"async\" width=\"1024\" height=\"683\" data-id=\"743\" src=\"https:\/\/dronedoiseau.com\/wp-content\/uploads\/2024\/02\/3P5A3234_v2-1024x683.jpg\" alt=\"\" class=\"wp-image-743\" srcset=\"https:\/\/dronedoiseau.com\/wp-content\/uploads\/2024\/02\/3P5A3234_v2-1024x683.jpg 1024w, https:\/\/dronedoiseau.com\/wp-content\/uploads\/2024\/02\/3P5A3234_v2-300x200.jpg 300w, https:\/\/dronedoiseau.com\/wp-content\/uploads\/2024\/02\/3P5A3234_v2-768x512.jpg 768w, https:\/\/dronedoiseau.com\/wp-content\/uploads\/2024\/02\/3P5A3234_v2-1536x1024.jpg 1536w, https:\/\/dronedoiseau.com\/wp-content\/uploads\/2024\/02\/3P5A3234_v2-2048x1365.jpg 2048w\" sizes=\"auto, (max-width: 706px) 89vw, (max-width: 767px) 82vw, 740px\" \/><\/figure>\n\n\n\n<figure class=\"wp-block-image size-large\"><img loading=\"lazy\" decoding=\"async\" width=\"1024\" height=\"683\" data-id=\"783\" src=\"https:\/\/dronedoiseau.com\/wp-content\/uploads\/2024\/11\/3P5A7830_v2-1024x683.jpg\" alt=\"\" class=\"wp-image-783\" srcset=\"https:\/\/dronedoiseau.com\/wp-content\/uploads\/2024\/11\/3P5A7830_v2-1024x683.jpg 1024w, https:\/\/dronedoiseau.com\/wp-content\/uploads\/2024\/11\/3P5A7830_v2-300x200.jpg 300w, https:\/\/dronedoiseau.com\/wp-content\/uploads\/2024\/11\/3P5A7830_v2-768x512.jpg 768w, https:\/\/dronedoiseau.com\/wp-content\/uploads\/2024\/11\/3P5A7830_v2-1536x1024.jpg 1536w, https:\/\/dronedoiseau.com\/wp-content\/uploads\/2024\/11\/3P5A7830_v2-2048x1366.jpg 2048w\" sizes=\"auto, (max-width: 706px) 89vw, (max-width: 767px) 82vw, 740px\" \/><\/figure>\n<\/figure>\n\n\n\n<p><strong>Mariage:<\/strong> avec une certaine discr\u00e9tion, je privil\u00e9gie la capture d&rsquo;\u00e9motions spontan\u00e9es, dans l&rsquo;esprit reportage d&rsquo;une journ\u00e9e pas comme les autres. Je vous inviterai, le temps souhait\u00e9, pour nous concentrer sur vous et fixer ce moment fort avec authenticit\u00e9. Je m&rsquo;adapte \u00e0 vos envies pour garder le meilleur de vos pr\u00e9paratifs, de votre c\u00e9l\u00e9bration et votre soir\u00e9e.<\/p>\n\n\n\n<p>Exemple de formule Mariage (\u00e0 partir de 950\u20ac):<\/p>\n\n\n\n<ul class=\"wp-block-list\">\n<li>Pr\u00e9sence depuis la c\u00e9r\u00e9monie civile et\/ou religieuse, et jusqu\u2019\u00e0 la fin du vin d\u2019honneur (jusqu\u2019\u00e0 6h sur place)<\/li>\n\n\n\n<li>R\u00e9alisation de photo de couple (lieu \u00e0 d\u00e9finir ensemble) et de photos de groupes<\/li>\n\n\n\n<li>Livraison d\u2019un reportage de 200 \u00e0 400 photos<\/li>\n<\/ul>\n\n\n\n<p><strong>Ev\u00e8nementiel: <\/strong>spectacles de danse, \u00e9v\u00e8nements sportifs \u2026 Je mets \u00e0 disposition des galeries photos qui mettent en valeur les participants et permettent de prolonger le plaisir du moment pass\u00e9.<\/p>\n\n\n\n<p><strong>Institutions, entreprises: <\/strong>je vous accompagne sur vos diff\u00e9rents projets, dans le cadre d&rsquo;op\u00e9rations publicitaires, ou de communication interne.<\/p>\n\n\n\n<p>Mes galeries photos sont \u00e9ditables sous diff\u00e9rents supports, de diff\u00e9rentes tailles et finitions, y compris posters, albums, calendriers \u2026 L&rsquo;offre SAAL DIGITAL est gage de qualit\u00e9, pour des produits offrant de tr\u00e8s belles finitions et durables.<\/p>\n\n\n\n<p><strong>Mon produit coup de c\u0153ur: la toile r\u00e9tro\u00e9clair\u00e9e,<\/strong> imagin\u00e9e par mes soins, id\u00e9ale pour apporter une touche personnelle, esth\u00e9tique et moderne \u00e0 vos murs.<\/p>\n","protected":false},"excerpt":{"rendered":"<p>Capturer les moments forts de votre vie, couvrir un \u00e9v\u00e8nement, partager votre histoire et vos valeurs J&rsquo;accompagne particuliers, institutions et entreprises, pour des projets de communication, ou le besoin de conserver le souvenir de moments cl\u00e9s de votre vie. Mariage: avec une certaine discr\u00e9tion, je privil\u00e9gie la capture d&rsquo;\u00e9motions spontan\u00e9es, dans l&rsquo;esprit reportage d&rsquo;une journ\u00e9e &hellip; <\/p>\n<p class=\"link-more\"><a href=\"https:\/\/dronedoiseau.com\/index.php\/photographie-page\/\" class=\"more-link\">Continuer la lecture<span class=\"screen-reader-text\"> de &laquo;&nbsp;Photographie&nbsp;&raquo;<\/span><\/a><\/p>\n","protected":false},"author":1,"featured_media":815,"parent":0,"menu_order":0,"comment_status":"closed","ping_status":"closed","template":"","meta":{"_monsterinsights_skip_tracking":false,"_monsterinsights_sitenote_active":false,"_monsterinsights_sitenote_note":"","_monsterinsights_sitenote_category":0,"footnotes":""},"class_list":["post-100","page","type-page","status-publish","has-post-thumbnail","hentry"],"aioseo_notices":[],"_links":{"self":[{"href":"https:\/\/dronedoiseau.com\/index.php\/wp-json\/wp\/v2\/pages\/100","targetHints":{"allow":["GET"]}}],"collection":[{"href":"https:\/\/dronedoiseau.com\/index.php\/wp-json\/wp\/v2\/pages"}],"about":[{"href":"https:\/\/dronedoiseau.com\/index.php\/wp-json\/wp\/v2\/types\/page"}],"author":[{"embeddable":true,"href":"https:\/\/dronedoiseau.com\/index.php\/wp-json\/wp\/v2\/users\/1"}],"replies":[{"embeddable":true,"href":"https:\/\/dronedoiseau.com\/index.php\/wp-json\/wp\/v2\/comments?post=100"}],"version-history":[{"count":46,"href":"https:\/\/dronedoiseau.com\/index.php\/wp-json\/wp\/v2\/pages\/100\/revisions"}],"predecessor-version":[{"id":865,"href":"https:\/\/dronedoiseau.com\/index.php\/wp-json\/wp\/v2\/pages\/100\/revisions\/865"}],"wp:featuredmedia":[{"embeddable":true,"href":"https:\/\/dronedoiseau.com\/index.php\/wp-json\/wp\/v2\/media\/815"}],"wp:attachment":[{"href":"https:\/\/dronedoiseau.com\/index.php\/wp-json\/wp\/v2\/media?parent=100"}],"curies":[{"name":"wp","href":"https:\/\/api.w.org\/{rel}","templated":true}]}}